{"id":1226,"date":"2016-06-21T18:22:49","date_gmt":"2016-06-21T16:22:49","guid":{"rendered":"https:\/\/www.rivareno.com\/es\/privacy\/"},"modified":"2023-05-08T17:49:42","modified_gmt":"2023-05-08T15:49:42","slug":"privacy","status":"publish","type":"page","link":"https:\/\/www.rivareno.com\/es\/privacy\/","title":{"rendered":"Pol\u00edtica de privacidad"},"content":{"rendered":"<p>Pol\u00edtica de privacidad Gracias por visitar este sitio. En el resto de la p\u00e1gina vamos a describir c\u00f3mo administrar el sitio en relaci\u00f3n con el tratamiento de los datos personales de los usuarios que lo utilizan. Esta es la informaci\u00f3n tambi\u00e9n se da conforme al art. 13 de la ley. n. 196\/03 \u00bfPOR ESTE AVISO Esta es la informaci\u00f3n tambi\u00e9n se da conforme al art. 13 de la ley. n. 196\/03 (C\u00f3digo en materia de protecci\u00f3n de datos personales) para los que interact\u00faan con los servicios web directamente proporcionados por este sitio, accesible a trav\u00e9s de Internet que indican que el actual sitio de Rivareno SPA, que es tambi\u00e9n responsable del tratamiento independiente (las referencias se enumeran en la secci\u00f3n \u00abContactos\u00bb de este sitio. Esta informaci\u00f3n se proporciona para el sitio en cuesti\u00f3n y no a otros sitios Web accede a trav\u00e9s de enlaces. Esta afirmaci\u00f3n est\u00e1 inspirada en la recomendaci\u00f3n. n\u00ba 2\/2001 que las autoridades europeas para la protecci\u00f3n de los datos personales, el grupo establecido por el art. 29 de la Directiva n\u00fam. 95\/46 \/ CE, aprobada el 17 de mayo de 2001 para establecer requisitos m\u00ednimos para la recogida de datos personales en l\u00ednea, y, en particular, la forma, el momento y la naturaleza de la informaci\u00f3n que los responsables del tratamiento deben proporcionar a los usuarios cuando se conectan a p\u00e1ginas web, independientemente de la finalidad. por ello, le invitamos a revisar nuestra pol\u00edtica de privacidad se expone a continuaci\u00f3n. las normas de pol\u00edtica de privacidad y utilizados por Rivareno SPA por el usuario y para la protecci\u00f3n de los datos personales se basan en los siguientes principios:<br \/>\n<strong>PROCESAMIENTO DE DATOS<br \/>\n<\/strong>El titular de los datos que se especifican a continuaci\u00f3n es Rivareno SPA, con sede legal en Via dell&#8217;Unione, 3 20123 Mil\u00e0n, las referencias de las cuales est\u00e1n presentes en la secci\u00f3n de contactos y visible en el pie de p\u00e1gina Principio de responsabilidad El tratamiento de los datos personales son tratados con el tiempo por los directores identificados dentro de la organizaci\u00f3n. PRINCIPIO DE TRANSPARENCIA Los datos personales se recogen y procesan adicionalmente de acuerdo con los principios expresados por la pol\u00edtica de privacidad adoptada por adoptado por Rivareno SPA se indica en esta pol\u00edtica de privacidad. En el momento del suministro de datos, se le proporcionar\u00e1n a un informativa, concisa, aunque completa, de conformidad con el art. 13 de la ley. n. 196\/03.<\/p>\n<p><strong>PRINCIPIO DE RELEVANCIA DE LA COLECCI\u00d3N<\/strong><br \/>\nLos datos personales son procesados leg\u00edtima y justamente; Se almacenan con fines determinados, expl\u00edcitos y leg\u00edtimos; Son pertinentes y no excesivos finalidad del tratamiento; Se mantienen durante el tiempo necesario para los fines de la colecci\u00f3n. OBJETO DE LA UTILIZACI\u00d3N DE PRINCIPIO Los efectos del tratamiento de datos personales se dan a conocer a las partes interesadas en el momento de la recogida. Cualquier nueva informaci\u00f3n, si no est\u00e1 relacionada con las finalidades indicadas, se activan despu\u00e9s de una nueva informaci\u00f3n y toda solicitud de autorizaci\u00f3n, como es requerido por el Decreto Legislativo n. n. 196\/03. En cualquier caso, los datos personales no se dan a conocer a terceros o se dan a conocer sin el consentimiento previo, excepto en los casos expresamente indicados por el arte. 24 del Decreto Legislativo n. 196\/03.<\/p>\n<p><strong>PRINCIPIO DE COMPROBAR<br \/>\n<\/strong>Los datos personales son exactos y actualizados con el tiempo . Tambi\u00e9n est\u00e1n organizados y almacenados de tal manera que el interesado la oportunidad de conocer , si lo desea, qu\u00e9 datos han sido recogidos y almacenados , as\u00ed como para controlar su calidad y pedir su correcci\u00f3n , la integraci\u00f3n, la cancelaci\u00f3n por violaci\u00f3n de la ley , o oposici\u00f3n al tratamiento y para ejercer todos los dem\u00e1s derechos , de conformidad con y dentro de los l\u00edmites del arte . 7 del D. Leg. n . 196\/03 , en las direcciones indicadas en la informaci\u00f3n de conformidad con el Art . 13 de la ley. n . 196\/03 en el sitio .<\/p>\n<p><strong>PRINCIPIO DE SEGURIDAD<\/strong><br \/>\nLos datos personales est\u00e1n protegidos por medidas de seguridad t\u00e9cnicas, equipo, organizativos, log\u00edsticos y de procedimiento, contra el riesgo de destrucci\u00f3n o p\u00e9rdida, incluso accidental, y el acceso o tratamiento no autorizado no est\u00e1 permitido. Estas medidas son peri\u00f3dicamente actualizados conforme al progreso t\u00e9cnico, la naturaleza de los datos y las caracter\u00edsticas espec\u00edficas del tratamiento, en constante control y la verificaci\u00f3n en el tiempo. Los terceros que se llevan a cabo actividades de apoyo de ning\u00fan tipo para la prestaci\u00f3n de servicios por parte Rivareno SPA en relaci\u00f3n con los cuales realizar cualquier tratamiento de datos personales, son designados por este \u00faltimo a cargo del tratamiento y est\u00e1n contractualmente obligada a cumplir con las medidas de seguridad y confidencialidad del tratamiento. Se hace la identidad de estos terceros conocido para los usuarios. En algunos casos, podr\u00eda ser el encargado de procesar los empleados de otras empresas que colaboran con Rivareno SPA si las operaciones de procesamiento se realizan bajo la autoridad directa del Rivareno SPA. Con su consentimiento, como exige la ley, y en todo caso despu\u00e9s de la informaci\u00f3n adecuada que especifica los diversos fines, los datos podr\u00e1n ser cedidos a terceros, p\u00fablicos y privados, sin relaci\u00f3n con Rivareno SPA, que se encargar\u00e1 de ella como del tratamiento de datos aut\u00f3nomas, tal como se define en el Decreto. n. 196\/03. De las operaciones de procesamiento llevadas a cabo por dichos controladores de otros datos, Rivareno SPA no asume ninguna responsabilidad sobre las normas y procedimientos para el manejo de datos personales de otros sitios web, accesible desde nuestras p\u00e1ginas a trav\u00e9s de enlaces y referencias; los contenidos de cualquiera de los servicios de correo electr\u00f3nico, espacio web, foros de chat proporcionados a utenti.I relativa a los servicios web proporcionados por este sitio web tiene lugar en las oficinas Rivareno SPA en Via dell&#8217;Unione, 3 20123 Mil\u00e0n y, si es necesario, en los locales de los datos externos y est\u00e1 a cargo de un procesador a cargo de la gesti\u00f3n de los servicios solicitados, para la comercializaci\u00f3n &#8211; cuando sea necesario por el usuario &#8211; la las actividades de conservaci\u00f3n de datos y para las operaciones de mantenimiento ocasionales.<\/p>\n<p><strong> \u00c1MBITO DE COMUNICACI\u00d3N DE DATOS<\/strong><br \/>\nLos datos personales pueden ser comunicados a terceros para cumplir obligaciones legales, en la ejecuci\u00f3n de las \u00f3rdenes de autoridades p\u00fablicas o incluso legitimado para sustentar o defender una reclamaci\u00f3n legal. Si es necesario con respecto a determinados servicios o productos, los datos personales pueden ser revelados a terceros que realizan, como titulares independientes del tratamiento, estrictamente relacionados con las funciones y prestaci\u00f3n de servicios o suministro de los productos. Sin la comunicaci\u00f3n, estos servicios y productos no pueden ser suministrados. No se divulgar\u00e1 los datos personales, a menos que el servicio solicitado as\u00ed lo requiera.<\/p>\n<p><strong>TIPOS DE DATOS RECOGIDOS Y M\u00c9TODO DE TRATAMIENTO<br \/>\n<\/strong>Es bueno que usted sabe que, a trav\u00e9s de la navegaci\u00f3n de este sitio se puede detectar sus intereses profesionales y personales: que la informaci\u00f3n, sin embargo, se recogen con la \u00fanica y exclusiva finalidad de prestar los servicios solicitados y, posiblemente, para controlar la calidad de los servicios ofrecido.<\/p>\n<p>Los datos proporcionados por <strong>VOLUNTARIAMENTE<\/strong><\/p>\n<p>Tipos de datos de car\u00e1cter personal recogidos y tratados en este sitio web son los necesarios para proporcionar los diferentes servicios prestados. Los datos recogidos se procesan utilizando papel, automatizado y la telem\u00e1tica y estrictamente relacionados con la actividad de transformaci\u00f3n. Para proporcionar los servicios tambi\u00e9n se pueden usar dentro de sus n\u00fameros de fax y tel\u00e9fono fijo y m\u00f3vil y y su direcci\u00f3n de correo electr\u00f3nico. Y &#8216;claro, pues, que si esta informaci\u00f3n no se presenta, se le proporcionar\u00e1 aquellos servicios que requieran el uso de estas herramientas. Si usted no da su consentimiento para el uso del correo electr\u00f3nico, tel\u00e9fono de escritorio y el tel\u00e9fono m\u00f3vil y fax con fines de publicidad o de venta directa o comunicaci\u00f3n comercial interactiva, dichos instrumentos no ser\u00e1n utilizados para este prop\u00f3sito. La informaci\u00f3n espec\u00edfica estar\u00e1 contenida en las p\u00e1ginas web dedicadas a la cesi\u00f3n de los datos personales. El env\u00edo de correo electr\u00f3nico a las direcciones indicadas en este sitio implica la posible adquisici\u00f3n del remitente, as\u00ed como cualquier otra informaci\u00f3n contenida en el mensaje; dichos datos personales ser\u00e1n utilizados \u00fanicamente para realizar el servicio o la prestaci\u00f3n solicitada.<\/p>\n<p><strong>DATOS DE NAVEGACI\u00d3N<\/strong><br \/>\nE &#8216;\u00fatil saber que los procedimientos de software del sitio adquieren, durante su funcionamiento normal, algunos datos personales cuya transmisi\u00f3n est\u00e1 impl\u00edcita en el uso de protocolos de comunicaci\u00f3n de Internet. Aunque la informaci\u00f3n no est\u00e1 destinado a ser asociado con los usuarios identificados, por su naturaleza, si se asocia con otros datos de terceros (por ejemplo. Su proveedor de servicios de Internet), podr\u00eda permitir la identificaci\u00f3n del usuario. En esta categor\u00eda de datos incluye las direcciones IP o los nombres de dominio de los ordenadores utilizados por los usuarios que se conectan al sitio, las direcciones URL en la notaci\u00f3n (Uniform Resource Locator) de los recursos solicitados, el tiempo de la solicitud, el m\u00e9todo utilizado para enviar el solicitud al servidor, el tama\u00f1o del archivo obtenido como respuesta, el c\u00f3digo num\u00e9rico que indica el estado de la respuesta del servidor (buen fin, error, etc ..) y otros par\u00e1metros relativos al sistema operativo y al entorno inform\u00e1tico. Estos datos se utilizan \u00fanicamente para las estad\u00edsticas an\u00f3nimas sobre el uso del sitio y para comprobar su correcto funcionamiento. El responsable del fichero y, dependiendo del servicio solicitado, los funcionarios designados conservan, por un per\u00edodo limitado de conformidad con las normas legales, la ruta (LOG) de las conexiones \/ navegaciones realizadas para responder a eventuales solicitudes de las autoridades legales o de otro entidad p\u00fablica legalmente facultada para solicitar estos rastros para la detecci\u00f3n de cualquier responsabilidad en caso de delitos inform\u00e1ticos. Aparte de lo especificado para los datos de navegaci\u00f3n, los usuarios son libres de enviar o no los datos personales solicitados en el formulario de inscripci\u00f3n a los servicios. En esta forma, sin embargo, algunos datos pueden ser marcados como obligatorios; debe entenderse que estos datos son necesarios para el servicio solicitado. Si estos datos no se confieren el servicio solicitado no puede ser proporcionada y no se puede tomar ventaja de las oportunidades relacionadas. En el momento del suministro de datos, de conformidad con el art. 13 de la ley. n. 196\/03, se proporcionar\u00e1 a un modo informativo, concisa, aunque completa y de tratamiento, el car\u00e1cter obligatorio o facultativo de proporcionar datos sobre las consecuencias de la falta de provisi\u00f3n, en las personas o categor\u00edas de personas a las cuales los datos personales pueden ser comunicados y el alcance de la difusi\u00f3n de dichos datos, los derechos del art\u00edculo. 7 del D. Leg. n. 196\/03 (acceso, integraci\u00f3n, actualizaci\u00f3n, rectificaci\u00f3n, cancelaci\u00f3n por violaci\u00f3n de la ley, manejo de objeciones, etc.), la identidad y ubicaci\u00f3n del propietario y la persona o personas responsables del tratamiento. se requerir\u00e1 a la persona a dar su consentimiento informado, libre, expresada en forma espec\u00edfica y documentada en la forma prescrita por la ley, si es requerido por ella. Si la transferencia de datos personales se llevan a cabo en etapas, que ser\u00e1n proporcionados adiciones a la informaci\u00f3n que ya se present\u00f3 anteriormente y se requiere nuevas autorizaciones para el procesamiento requerido por el C\u00f3digo.<strong><br \/>\n<\/strong><\/p>\n<p>&nbsp;<\/p>\n<p><strong> TOMADO DE MEDIDAS DE SEGURIDAD PARA LA PROTECCI\u00d3N de los datos recogidos<\/strong><br \/>\nRivareno SPA utilizando arquitecturas y tecnolog\u00edas \u00abseguras\u00bb para proteger los datos personales contra la divulgaci\u00f3n indebida, alteraci\u00f3n o uso indebido. Los guardias se volvieron hacia los datos personales tienen por objeto, en particular, para reducir al m\u00ednimo el riesgo de destrucci\u00f3n o p\u00e9rdida, incluso accidental, de los datos, el acceso no autorizado o el tratamiento no permitido o no, de acuerdo con los prop\u00f3sitos de la colecci\u00f3n. Estas medidas de seguridad cumplen claramente los requisitos m\u00ednimos establecidos por el legislador (Reglamento T\u00e9cnico sobre las medidas m\u00ednimas de seguridad establecidas en los art\u00edculos. 33 a 36 del Decreto Legislativo. N. 196\/03). Aquellos cuyos datos personales se refieren tienen el derecho en cualquier momento para obtener la confirmaci\u00f3n de la existencia o no de dichos datos y de conocer el contenido y origen, verificar su exactitud o solicitar su integraci\u00f3n o actualizaci\u00f3n, o correcci\u00f3n (art. 7, la ley. n. 196\/03). De acuerdo con el mismo art\u00edculo ha afectado el derecho a solicitar la cancelaci\u00f3n, la transformaci\u00f3n en forma an\u00f3nima o el bloqueo de los datos tratados violando la ley, y para oponerse, en cualquier caso, por motivos leg\u00edtimos, a su tratamiento. Las solicitudes deben enviarse por correo electr\u00f3nico a los sitios en la direcci\u00f3n info@rivareno.com Via dell&#8217;Unione, 3 20123 Milano. Los datos relativos a las cookies, los tipos y funciones relevantes, lea la Pol\u00edtica de Cookies en el siguiente <a href=\"\/es\/cookies\">enlace<\/a><\/p>\n","protected":false},"excerpt":{"rendered":"Pol\u00edtica de privacidad Gracias por visitar este sitio. En el resto de la p\u00e1gina vamos a describir c\u00f3mo administrar el sitio en relaci\u00f3n con el tratamiento de los datos personales de los usuarios que lo utilizan. Esta es la informaci\u00f3n tambi\u00e9n se da conforme al art. 13 de la ley. n. 196\/03 \u00bfPOR ESTE AVISO&#8230; <a class=\"view-article\" href=\"https:\/\/www.rivareno.com\/es\/privacy\/\">Ver art\u00edculo<\/a>","protected":false},"author":14,"featured_media":0,"parent":0,"menu_order":0,"comment_status":"closed","ping_status":"closed","template":"","meta":{"_acf_changed":false,"footnotes":""},"class_list":["post-1226","page","type-page","status-publish","hentry"],"acf":[],"aioseo_notices":[],"_links":{"self":[{"href":"https:\/\/www.rivareno.com\/es\/wp-json\/wp\/v2\/pages\/1226","targetHints":{"allow":["GET"]}}],"collection":[{"href":"https:\/\/www.rivareno.com\/es\/wp-json\/wp\/v2\/pages"}],"about":[{"href":"https:\/\/www.rivareno.com\/es\/wp-json\/wp\/v2\/types\/page"}],"author":[{"embeddable":true,"href":"https:\/\/www.rivareno.com\/es\/wp-json\/wp\/v2\/users\/14"}],"replies":[{"embeddable":true,"href":"https:\/\/www.rivareno.com\/es\/wp-json\/wp\/v2\/comments?post=1226"}],"version-history":[{"count":5,"href":"https:\/\/www.rivareno.com\/es\/wp-json\/wp\/v2\/pages\/1226\/revisions"}],"predecessor-version":[{"id":15029,"href":"https:\/\/www.rivareno.com\/es\/wp-json\/wp\/v2\/pages\/1226\/revisions\/15029"}],"wp:attachment":[{"href":"https:\/\/www.rivareno.com\/es\/wp-json\/wp\/v2\/media?parent=1226"}],"curies":[{"name":"wp","href":"https:\/\/api.w.org\/{rel}","templated":true}]}}