{"id":39099,"date":"2016-05-27T15:45:32","date_gmt":"2016-05-27T13:45:32","guid":{"rendered":"https:\/\/www.rivareno.com\/il-nostro-impegno\/"},"modified":"2025-11-05T16:05:49","modified_gmt":"2025-11-05T15:05:49","slug":"notre-engagement","status":"publish","type":"page","link":"https:\/\/www.rivareno.com\/fr\/notre-engagement\/","title":{"rendered":"Notre engagement"},"content":{"rendered":"<h2>Notre engagement<\/h2>\n<p>Afin de garantir \u00e0 nos clients une qualit\u00e9 optimale, chez RivaReno, <strong>laboratoire italien de glaces artisanales<\/strong>, nous apportons le plus grand soin \u00e0 chaque d\u00e9tail de nos produits. D\u00e9couvrez les 10 r\u00e8gles d&rsquo;or que nous suivons pour obtenir la meilleure glace possible.<\/p>\n","protected":false},"excerpt":{"rendered":"Notre engagement Afin de garantir \u00e0 nos clients une qualit\u00e9 optimale, chez RivaReno, laboratoire italien de glaces artisanales, nous apportons le plus grand soin \u00e0 chaque d\u00e9tail de nos produits. D\u00e9couvrez les 10 r\u00e8gles d&rsquo;or que nous suivons pour obtenir la meilleure glace possible.","protected":false},"author":14,"featured_media":39081,"parent":0,"menu_order":0,"comment_status":"closed","ping_status":"closed","template":"page-il-nostro-impegno.php","meta":{"_acf_changed":false,"footnotes":""},"class_list":["post-39099","page","type-page","status-publish","has-post-thumbnail","hentry"],"acf":[],"aioseo_notices":[],"_links":{"self":[{"href":"https:\/\/www.rivareno.com\/fr\/wp-json\/wp\/v2\/pages\/39099","targetHints":{"allow":["GET"]}}],"collection":[{"href":"https:\/\/www.rivareno.com\/fr\/wp-json\/wp\/v2\/pages"}],"about":[{"href":"https:\/\/www.rivareno.com\/fr\/wp-json\/wp\/v2\/types\/page"}],"author":[{"embeddable":true,"href":"https:\/\/www.rivareno.com\/fr\/wp-json\/wp\/v2\/users\/14"}],"replies":[{"embeddable":true,"href":"https:\/\/www.rivareno.com\/fr\/wp-json\/wp\/v2\/comments?post=39099"}],"version-history":[{"count":3,"href":"https:\/\/www.rivareno.com\/fr\/wp-json\/wp\/v2\/pages\/39099\/revisions"}],"predecessor-version":[{"id":39102,"href":"https:\/\/www.rivareno.com\/fr\/wp-json\/wp\/v2\/pages\/39099\/revisions\/39102"}],"wp:featuredmedia":[{"embeddable":true,"href":"https:\/\/www.rivareno.com\/fr\/wp-json\/wp\/v2\/media\/39081"}],"wp:attachment":[{"href":"https:\/\/www.rivareno.com\/fr\/wp-json\/wp\/v2\/media?parent=39099"}],"curies":[{"name":"wp","href":"https:\/\/api.w.org\/{rel}","templated":true}]}}